{"id":63,"date":"2019-02-04T23:37:26","date_gmt":"2019-02-04T23:37:26","guid":{"rendered":"http:\/\/marejadapolitica.com\/?page_id=63"},"modified":"2021-08-09T13:32:00","modified_gmt":"2021-08-09T13:32:00","slug":"directorio","status":"publish","type":"page","link":"https:\/\/marejadapolitica.com\/index.php\/directorio\/","title":{"rendered":"Directorio"},"content":{"rendered":"\n<ul><li><strong>DR. JULIO C\u00c9SAR S\u00c1NCHEZ BUCIO<\/strong><\/li><\/ul>\n\n\n\n<p class=\"has-text-align-left\"><strong>DIRECTOR GENERAL<\/strong><\/p>\n\n\n\n<p class=\"has-small-font-size\"><strong><strong>LUIS CLEMENTE CEDE\u00d1O MEDINA<\/strong><\/strong><\/p>\n\n\n\n<p class=\"has-small-font-size\"><em>SU<\/em>BDIRECTOR<\/p>\n\n\n\n<p class=\"has-small-font-size\"><strong><strong>ALDO UMBEL SOTO CISNEROS<\/strong><\/strong><\/p>\n\n\n\n<p class=\"has-small-font-size\">CREATIVIDAD Y MEDIOS DIGITALES E INTERACTIVOS<\/p>\n\n\n\n<p class=\"has-small-font-size\"><strong>GUADALUPE GOD\u00cdNEZ TAMAYO <\/strong><\/p>\n\n\n\n<p class=\"has-small-font-size\">RELACIONES P\u00daBLICAS<\/p>\n\n\n\n<p class=\"has-small-font-size\"><strong><strong>JULIO C\u00c9SAR GUTI\u00c9RREZ CH\u00c1VEZ<\/strong><\/strong><\/p>\n\n\n\n<p class=\"has-small-font-size\">ASESOR FISCAL<\/p>\n\n\n\n<p class=\"has-small-font-size\"><strong>REPORTEROS:<\/strong><\/p>\n\n\n\n<ul><li>RICARDO HERN\u00c1NDEZ L\u00d3PEZ<\/li><\/ul>\n\n\n\n<ul><li>GREGORIO VARGAS L\u00d3PEZ<\/li><\/ul>\n\n\n\n<p>Marejada Pol\u00edtica de Michoac\u00e1n es parte del Grupo Rotativos Digitales del Pac\u00edfico y &nbsp;se imprime en la ciudad de Morelia, Mich.,&nbsp; con un tiraje mensual de 1,000 ejemplares.<\/p>\n\n\n\n<p><strong>Oficinas:<\/strong><\/p>\n\n\n\n<p>Calle Joaqu\u00edn Silva 25<\/p>\n\n\n\n<p>Col. Congreso\nConstituyente de Michoac\u00e1n <\/p>\n\n\n\n<p>C.P. 58219<\/p>\n\n\n\n<p>Tel.- 44-33-69-31-52<\/p>\n\n\n\n<p>E-mail:<\/p>\n\n\n\n<p>direcciongeneral@marejadapolitica.com<\/p>\n","protected":false},"excerpt":{"rendered":"<p>DR. JULIO C\u00c9SAR S\u00c1NCHEZ BUCIO DIRECTOR GENERAL LUIS CLEMENTE CEDE\u00d1O MEDINA SUBDIRECTOR ALDO UMBEL SOTO CISNEROS CREATIVIDAD Y MEDIOS DIGITALES E INTERACTIVOS GUADALUPE GOD\u00cdNEZ TAMAYO RELACIONES P\u00daBLICAS JULIO C\u00c9SAR GUTI\u00c9RREZ CH\u00c1VEZ ASESOR FISCAL REPORTEROS: RICARDO HERN\u00c1NDEZ L\u00d3PEZ GREGORIO VARGAS L\u00d3PEZ Marejada Pol\u00edtica de Michoac\u00e1n es parte del Grupo Rotativos Digitales del Pac\u00edfico y &nbsp;se imprime [&hellip;]<\/p>\n","protected":false},"author":5,"featured_media":0,"parent":0,"menu_order":0,"comment_status":"closed","ping_status":"closed","template":"","meta":[],"yoast_head":"<!-- This site is optimized with the Yoast SEO plugin v20.5 - https:\/\/yoast.com\/wordpress\/plugins\/seo\/ -->\n<title>Directorio &ndash; Marejada Pol\u00edtica<\/title>\n<meta name=\"robots\" content=\"index, follow, max-snippet:-1, max-image-preview:large, max-video-preview:-1\" \/>\n<link rel=\"canonical\" href=\"https:\/\/marejadapolitica.com\/index.php\/directorio\/\" \/>\n<meta property=\"og:locale\" content=\"es_MX\" \/>\n<meta property=\"og:type\" content=\"article\" \/>\n<meta property=\"og:title\" content=\"Directorio &ndash; Marejada Pol\u00edtica\" \/>\n<meta property=\"og:description\" content=\"DR. JULIO C\u00c9SAR S\u00c1NCHEZ BUCIO DIRECTOR GENERAL LUIS CLEMENTE CEDE\u00d1O MEDINA SUBDIRECTOR ALDO UMBEL SOTO CISNEROS CREATIVIDAD Y MEDIOS DIGITALES E INTERACTIVOS GUADALUPE GOD\u00cdNEZ TAMAYO RELACIONES P\u00daBLICAS JULIO C\u00c9SAR GUTI\u00c9RREZ CH\u00c1VEZ ASESOR FISCAL REPORTEROS: RICARDO HERN\u00c1NDEZ L\u00d3PEZ GREGORIO VARGAS L\u00d3PEZ Marejada Pol\u00edtica de Michoac\u00e1n es parte del Grupo Rotativos Digitales del Pac\u00edfico y &nbsp;se imprime [&hellip;]\" \/>\n<meta property=\"og:url\" content=\"https:\/\/marejadapolitica.com\/index.php\/directorio\/\" \/>\n<meta property=\"og:site_name\" content=\"Marejada Pol\u00edtica\" \/>\n<meta property=\"article:publisher\" content=\"https:\/\/www.facebook.com\/marejadapolitica\/\" \/>\n<meta property=\"article:modified_time\" content=\"2021-08-09T13:32:00+00:00\" \/>\n<meta name=\"twitter:card\" content=\"summary_large_image\" \/>\n<meta name=\"twitter:site\" content=\"@marejadapolitic\" \/>\n<meta name=\"twitter:label1\" content=\"Tiempo de lectura\" \/>\n\t<meta name=\"twitter:data1\" content=\"1 minuto\" \/>\n<script type=\"application\/ld+json\" class=\"yoast-schema-graph\">{\"@context\":\"https:\/\/schema.org\",\"@graph\":[{\"@type\":\"WebPage\",\"@id\":\"https:\/\/marejadapolitica.com\/index.php\/directorio\/\",\"url\":\"https:\/\/marejadapolitica.com\/index.php\/directorio\/\",\"name\":\"Directorio &ndash; Marejada Pol\u00edtica\",\"isPartOf\":{\"@id\":\"https:\/\/marejadapolitica.com\/#website\"},\"datePublished\":\"2019-02-04T23:37:26+00:00\",\"dateModified\":\"2021-08-09T13:32:00+00:00\",\"breadcrumb\":{\"@id\":\"https:\/\/marejadapolitica.com\/index.php\/directorio\/#breadcrumb\"},\"inLanguage\":\"es-MX\",\"potentialAction\":[{\"@type\":\"ReadAction\",\"target\":[\"https:\/\/marejadapolitica.com\/index.php\/directorio\/\"]}]},{\"@type\":\"BreadcrumbList\",\"@id\":\"https:\/\/marejadapolitica.com\/index.php\/directorio\/#breadcrumb\",\"itemListElement\":[{\"@type\":\"ListItem\",\"position\":1,\"name\":\"Inicio\",\"item\":\"https:\/\/marejadapolitica.com\/\"},{\"@type\":\"ListItem\",\"position\":2,\"name\":\"Directorio\"}]},{\"@type\":\"WebSite\",\"@id\":\"https:\/\/marejadapolitica.com\/#website\",\"url\":\"https:\/\/marejadapolitica.com\/\",\"name\":\"Marejada Pol\u00edtica\",\"description\":\"El Cuarto Poder en Manos del Pueblo...\",\"publisher\":{\"@id\":\"https:\/\/marejadapolitica.com\/#organization\"},\"potentialAction\":[{\"@type\":\"SearchAction\",\"target\":{\"@type\":\"EntryPoint\",\"urlTemplate\":\"https:\/\/marejadapolitica.com\/?s={search_term_string}\"},\"query-input\":\"required name=search_term_string\"}],\"inLanguage\":\"es-MX\"},{\"@type\":\"Organization\",\"@id\":\"https:\/\/marejadapolitica.com\/#organization\",\"name\":\"Marejada Pol\u00edtica\",\"url\":\"https:\/\/marejadapolitica.com\/\",\"logo\":{\"@type\":\"ImageObject\",\"inLanguage\":\"es-MX\",\"@id\":\"https:\/\/marejadapolitica.com\/#\/schema\/logo\/image\/\",\"url\":\"https:\/\/marejadapolitica.com\/wp-content\/uploads\/2019\/02\/logo_web-1.png\",\"contentUrl\":\"https:\/\/marejadapolitica.com\/wp-content\/uploads\/2019\/02\/logo_web-1.png\",\"width\":380,\"height\":149,\"caption\":\"Marejada Pol\u00edtica\"},\"image\":{\"@id\":\"https:\/\/marejadapolitica.com\/#\/schema\/logo\/image\/\"},\"sameAs\":[\"https:\/\/www.facebook.com\/marejadapolitica\/\",\"https:\/\/twitter.com\/marejadapolitic\",\"https:\/\/www.instagram.com\/marejadapolitica\/\"]}]}<\/script>\n<!-- \/ Yoast SEO plugin. -->","yoast_head_json":{"title":"Directorio &ndash; Marejada Pol\u00edtica","robots":{"index":"index","follow":"follow","max-snippet":"max-snippet:-1","max-image-preview":"max-image-preview:large","max-video-preview":"max-video-preview:-1"},"canonical":"https:\/\/marejadapolitica.com\/index.php\/directorio\/","og_locale":"es_MX","og_type":"article","og_title":"Directorio &ndash; Marejada Pol\u00edtica","og_description":"DR. JULIO C\u00c9SAR S\u00c1NCHEZ BUCIO DIRECTOR GENERAL LUIS CLEMENTE CEDE\u00d1O MEDINA SUBDIRECTOR ALDO UMBEL SOTO CISNEROS CREATIVIDAD Y MEDIOS DIGITALES E INTERACTIVOS GUADALUPE GOD\u00cdNEZ TAMAYO RELACIONES P\u00daBLICAS JULIO C\u00c9SAR GUTI\u00c9RREZ CH\u00c1VEZ ASESOR FISCAL REPORTEROS: RICARDO HERN\u00c1NDEZ L\u00d3PEZ GREGORIO VARGAS L\u00d3PEZ Marejada Pol\u00edtica de Michoac\u00e1n es parte del Grupo Rotativos Digitales del Pac\u00edfico y &nbsp;se imprime [&hellip;]","og_url":"https:\/\/marejadapolitica.com\/index.php\/directorio\/","og_site_name":"Marejada Pol\u00edtica","article_publisher":"https:\/\/www.facebook.com\/marejadapolitica\/","article_modified_time":"2021-08-09T13:32:00+00:00","twitter_card":"summary_large_image","twitter_site":"@marejadapolitic","twitter_misc":{"Tiempo de lectura":"1 minuto"},"schema":{"@context":"https:\/\/schema.org","@graph":[{"@type":"WebPage","@id":"https:\/\/marejadapolitica.com\/index.php\/directorio\/","url":"https:\/\/marejadapolitica.com\/index.php\/directorio\/","name":"Directorio &ndash; Marejada Pol\u00edtica","isPartOf":{"@id":"https:\/\/marejadapolitica.com\/#website"},"datePublished":"2019-02-04T23:37:26+00:00","dateModified":"2021-08-09T13:32:00+00:00","breadcrumb":{"@id":"https:\/\/marejadapolitica.com\/index.php\/directorio\/#breadcrumb"},"inLanguage":"es-MX","potentialAction":[{"@type":"ReadAction","target":["https:\/\/marejadapolitica.com\/index.php\/directorio\/"]}]},{"@type":"BreadcrumbList","@id":"https:\/\/marejadapolitica.com\/index.php\/directorio\/#breadcrumb","itemListElement":[{"@type":"ListItem","position":1,"name":"Inicio","item":"https:\/\/marejadapolitica.com\/"},{"@type":"ListItem","position":2,"name":"Directorio"}]},{"@type":"WebSite","@id":"https:\/\/marejadapolitica.com\/#website","url":"https:\/\/marejadapolitica.com\/","name":"Marejada Pol\u00edtica","description":"El Cuarto Poder en Manos del Pueblo...","publisher":{"@id":"https:\/\/marejadapolitica.com\/#organization"},"potentialAction":[{"@type":"SearchAction","target":{"@type":"EntryPoint","urlTemplate":"https:\/\/marejadapolitica.com\/?s={search_term_string}"},"query-input":"required name=search_term_string"}],"inLanguage":"es-MX"},{"@type":"Organization","@id":"https:\/\/marejadapolitica.com\/#organization","name":"Marejada Pol\u00edtica","url":"https:\/\/marejadapolitica.com\/","logo":{"@type":"ImageObject","inLanguage":"es-MX","@id":"https:\/\/marejadapolitica.com\/#\/schema\/logo\/image\/","url":"https:\/\/marejadapolitica.com\/wp-content\/uploads\/2019\/02\/logo_web-1.png","contentUrl":"https:\/\/marejadapolitica.com\/wp-content\/uploads\/2019\/02\/logo_web-1.png","width":380,"height":149,"caption":"Marejada Pol\u00edtica"},"image":{"@id":"https:\/\/marejadapolitica.com\/#\/schema\/logo\/image\/"},"sameAs":["https:\/\/www.facebook.com\/marejadapolitica\/","https:\/\/twitter.com\/marejadapolitic","https:\/\/www.instagram.com\/marejadapolitica\/"]}]}},"_links":{"self":[{"href":"https:\/\/marejadapolitica.com\/index.php\/wp-json\/wp\/v2\/pages\/63"}],"collection":[{"href":"https:\/\/marejadapolitica.com\/index.php\/wp-json\/wp\/v2\/pages"}],"about":[{"href":"https:\/\/marejadapolitica.com\/index.php\/wp-json\/wp\/v2\/types\/page"}],"author":[{"embeddable":true,"href":"https:\/\/marejadapolitica.com\/index.php\/wp-json\/wp\/v2\/users\/5"}],"replies":[{"embeddable":true,"href":"https:\/\/marejadapolitica.com\/index.php\/wp-json\/wp\/v2\/comments?post=63"}],"version-history":[{"count":6,"href":"https:\/\/marejadapolitica.com\/index.php\/wp-json\/wp\/v2\/pages\/63\/revisions"}],"predecessor-version":[{"id":1110,"href":"https:\/\/marejadapolitica.com\/index.php\/wp-json\/wp\/v2\/pages\/63\/revisions\/1110"}],"wp:attachment":[{"href":"https:\/\/marejadapolitica.com\/index.php\/wp-json\/wp\/v2\/media?parent=63"}],"curies":[{"name":"wp","href":"https:\/\/api.w.org\/{rel}","templated":true}]}}